{"id":60209,"date":"2024-06-17T16:54:45","date_gmt":"2024-06-17T14:54:45","guid":{"rendered":"https:\/\/terra-bratislava.sk\/?post_type=product&#038;p=60209"},"modified":"2024-06-17T17:15:59","modified_gmt":"2024-06-17T15:15:59","slug":"magyar-nyelv-munkafuzet-az-alapiskola-9-osztalya-szamara","status":"publish","type":"product","link":"https:\/\/terra-bratislava.sk\/sk\/termek\/magyar-nyelv-munkafuzet-az-alapiskola-9-osztalya-szamara\/","title":{"rendered":"Magyar nyelv munkaf\u00fczet az alapiskola 9. oszt\u00e1lya sz\u00e1m\u00e1ra"},"content":{"rendered":"<p><img loading=\"lazy\" src=\"https:\/\/terra-bratislava.sk\/wp-content\/uploads\/2018\/09\/ai9hu_02_2018.jpg\" alt=\"\" width=\"400\" height=\"400\" class=\"alignnone size-full wp-image-2949\" srcset=\"https:\/\/terra-bratislava.sk\/wp-content\/uploads\/2018\/09\/ai9hu_02_2018.jpg 400w, https:\/\/terra-bratislava.sk\/wp-content\/uploads\/2018\/09\/ai9hu_02_2018-300x300.jpg 300w, https:\/\/terra-bratislava.sk\/wp-content\/uploads\/2018\/09\/ai9hu_02_2018-150x150.jpg 150w, https:\/\/terra-bratislava.sk\/wp-content\/uploads\/2018\/09\/ai9hu_02_2018-85x85.jpg 85w, https:\/\/terra-bratislava.sk\/wp-content\/uploads\/2018\/09\/ai9hu_02_2018-50x50.jpg 50w\" sizes=\"(max-width: 400px) 100vw, 400px\" \/><\/p>\n","protected":false},"excerpt":{"rendered":"","protected":false},"featured_media":2949,"template":"","meta":[],"product_cat":[293,292,294,291],"product_tag":[],"_links":{"self":[{"href":"https:\/\/terra-bratislava.sk\/sk\/wp-json\/wp\/v2\/product\/60209"}],"collection":[{"href":"https:\/\/terra-bratislava.sk\/sk\/wp-json\/wp\/v2\/product"}],"about":[{"href":"https:\/\/terra-bratislava.sk\/sk\/wp-json\/wp\/v2\/types\/product"}],"wp:featuredmedia":[{"embeddable":true,"href":"https:\/\/terra-bratislava.sk\/sk\/wp-json\/wp\/v2\/media\/2949"}],"wp:attachment":[{"href":"https:\/\/terra-bratislava.sk\/sk\/wp-json\/wp\/v2\/media?parent=60209"}],"wp:term":[{"taxonomy":"product_cat","embeddable":true,"href":"https:\/\/terra-bratislava.sk\/sk\/wp-json\/wp\/v2\/product_cat?post=60209"},{"taxonomy":"product_tag","embeddable":true,"href":"https:\/\/terra-bratislava.sk\/sk\/wp-json\/wp\/v2\/product_tag?post=60209"}],"curies":[{"name":"wp","href":"https:\/\/api.w.org\/{rel}","templated":true}]}}